{"id":8,"date":"2017-03-03T19:57:12","date_gmt":"2017-03-03T18:57:12","guid":{"rendered":"http:\/\/visites360.solutions\/?page_id=8"},"modified":"2022-02-14T14:13:11","modified_gmt":"2022-02-14T13:13:11","slug":"accueil","status":"publish","type":"page","link":"https:\/\/visites360.solutions\/?page_id=8","title":{"rendered":"Accueil"},"content":{"rendered":"<h4>Visite virtuelle : visiter un espace distant de fa\u00e7on <strong>immersive,<\/strong> <strong>interactive<\/strong> et <strong>r\u00e9aliste<\/strong>.<\/h4>\n<p>Elle permet aussi l&rsquo;int\u00e9gration de nombreuses <strong>fonctionnalit\u00e9s<\/strong>, comme des\u00a0bulles d&rsquo;information de texte, des photos, ou encore des vid\u00e9os&#8230;). Cela permet de rendre l&rsquo;exp\u00e9rience immersive toujours plus riche et plus compl\u00e8te.<br \/>\nUne visite virtuelle s&rsquo;int\u00e8gre harmonieusement \u00e0 votre site web et l&rsquo;enrichi consid\u00e9rablement en proposant aux visiteurs une exp\u00e9rience \u00e0 forte valeur ajout\u00e9e et rare.<\/p>\n<p>exemple d&rsquo;int\u00e9gration, avec :<\/p>\n<ul>\n<li><a href=\"https:\/\/photographe-entreprises.net\/wp-content\/uploads\/pano\/Bureau\/Bureau.html\">un simple lien<\/a> :<\/li>\n<li>une photo \u00e0 cliquer<\/li>\n<\/ul>\n<figure id=\"attachment_12943\" aria-describedby=\"caption-attachment-12943\" style=\"width: 770px\" class=\"wp-caption alignnone\"><a href=\"https:\/\/photographe-entreprises.net\/wp-content\/uploads\/pano\/Bureau\/Bureau.html\" target=\"_blank\" rel=\"noopener noreferrer\"><img data-recalc-dims=\"1\" loading=\"lazy\" decoding=\"async\" class=\"wp-image-12943 size-full\" src=\"https:\/\/i0.wp.com\/photographe-entreprises.net\/wp-content\/uploads\/2017\/02\/Pierto-170207-134818-.jpg?resize=770%2C385&#038;ssl=1\" alt=\"visite virtuelle d'habitat individuel\" width=\"770\" height=\"385\" \/><\/a><figcaption id=\"caption-attachment-12943\" class=\"wp-caption-text\">visite virtuelle pour <a href=\"http:\/\/www.thome-inside.com\" target=\"_blank\" rel=\"noopener noreferrer\">Laurent Thom\u00e9<\/a>, artisan<\/figcaption><\/figure>\n<p>Elle peut se partager sur les r\u00e9seaux sociaux et suscite un int\u00e9r\u00eat croissant chez les internautes, avec pour effet de vous distinguer et de booster votre\u00a0 communication.<\/p>\n<p>Je r\u00e9alise aussi des <a href=\"https:\/\/visites360.solutions\/Pano\/Drone\/drni.html\">visites virtuelles a\u00e9riennes par drone<\/a>, parfaitement adapt\u00e9e \u00e0 des sites touristiques, des chantiers&#8230;<\/p>\n<p>Elle peut se vivre de diff\u00e9rentes fa\u00e7ons selon le support.<\/p>\n<p>&#8211; sur ordinateur en laissant d\u00e9rouler la visite automatiquement ou en explorant la sc\u00e8ne avec la souris ou le trackpad<br \/>\n&#8211; sur smartphone ou tablette en explorant avec le tactile ou avec un masque de r\u00e9alit\u00e9 virtuel dans lequel on insert le t\u00e9l\u00e9phone (il suffit alors de tourner la t\u00eate pour voir la sc\u00e8ne \u00ab\u00a0en prise directe\u00a0\u00bb, comme si on \u00e9tait dans la pi\u00e8ce<br \/>\n&#8211; ou le top : sur un masque de r\u00e9alit\u00e9 virtuelle type HTC Vive ou Oculus Rift, encore peu r\u00e9pandus car chers.<\/p>\n<p>une visite virtuelle peut concerner un seul volume (une pi\u00e8ce), ou un ensemble de pi\u00e8ces reli\u00e9es entre elles par un icone sur une porte qu&rsquo;il suffit de cliquer pour \u00eatre transport\u00e9 dans la pi\u00e8ce suivante ; comme pour les visites virtuelles que je r\u00e9alise pour <a href=\"http:\/\/www.immo-neo.com\/vente\/236016-appartement-meythet-2-pieces-49-m2\">immo-neo.com<\/a><\/p>\n<figure id=\"attachment_12942\" aria-describedby=\"caption-attachment-12942\" style=\"width: 770px\" class=\"wp-caption alignnone\"><a href=\"http:\/\/www.immo-neo.com\/vente\/236016-appartement-meythet-2-pieces-49-m2\" target=\"_blank\" rel=\"noopener noreferrer\"><img data-recalc-dims=\"1\" loading=\"lazy\" decoding=\"async\" class=\"wp-image-12942 size-full\" src=\"https:\/\/i0.wp.com\/photographe-entreprises.net\/wp-content\/uploads\/2017\/02\/Pierto-161223-123828-.jpg?resize=770%2C342&#038;ssl=1\" alt=\"visite virtuelle pour vendre un bien immobilier\" width=\"770\" height=\"342\" \/><\/a><figcaption id=\"caption-attachment-12942\" class=\"wp-caption-text\">visite virtuelle pour un appartement mis en vente par immo-neo.com<\/figcaption><\/figure>\n<p>Je r\u00e9alise\u00a0la visite virtuelle ainsi que les enrichissements que vous pouvez souhaiter : photos, vid\u00e9os, documents&#8230;<\/p>\n<p>La visite virtuelle permet de simuler la visite d\u2019un site, souvent \u00e0 360 degr\u00e9s. L\u2019image repr\u00e9sentant le site visit\u00e9 \u00e9volue dynamiquement, en interaction avec la demande de l\u2019utilisateur. Cette technique permet la visite de mus\u00e9es, de sites touristiques, de b\u00e2timents, parfois de villes enti\u00e8res, ainsi que de biens immobiliers en vente ou en location sur internet.<\/p>\n<p>Contactez moi pour r\u00e9aliser de belles visites virtuelles des espaces que vous voulez faire d\u00e9couvrir.<\/p>\n<div id=\"contact_info-widget-2\" class=\"widget contact_info\">\n<p class=\"widget-title\" data-fontsize=\"13\" data-lineheight=\"20\">Pierre THOMAS<\/p>\n<div class=\"contact-info-container\">\n<p class=\"address\">Annecy<br \/>\nMobile: +33 6 35 40 57 46<\/p>\n<p class=\"email\">Email: <a href=\"mailto:contact@photographe-entreprises.net\">contacter par email<\/a><\/p>\n<h4><script src=\"https:\/\/maps.googleapis.com\/maps\/api\/js?v=3.exp\"><\/script><\/h4>\n<div id=\"gmap_canvas\" style=\"height: 400px; width: 770px;\"><\/div>\n<div><small><a href=\"http:\/\/embedgooglemaps.com\">google maps carte<\/a><\/small><\/div>\n<div><small><a href=\"http:\/\/youtubeembedcode.com\">embed youtube<\/a><\/small><\/div>\n<h4 style=\"overflow: hidden; height: 400px; width: 770px;\">\n<style>#gmap_canvas img{max-width:none!important;background:none!important}<\/style>\n<\/h4>\n<h4><script type=\"text\/javascript\">function init_map(){var myOptions = {zoom:10,center:new google.maps.LatLng(45.899247,6.129383999999959),mapTypeId: google.maps.MapTypeId.TERRAIN};map = new google.maps.Map(document.getElementById('gmap_canvas'), myOptions);marker = new google.maps.Marker({map: map,position: new google.maps.LatLng(45.899247,6.129383999999959)});infowindow = new google.maps.InfoWindow({content:'<strong>PHOTOGRAPHE ENTREPRISES : Visite Virtuelle 360\u00b0 <\/strong><br \/>Annecy<br \/>'});google.maps.event.addListener(marker, 'click', function(){infowindow.open(map,marker);});infowindow.open(map,marker);}google.maps.event.addDomListener(window, 'load', init_map);<\/script><br \/>\nVisite virtuelle 360\u00b0 \u00e0 Annecy<\/h4>\n<\/div>\n<\/div>\n","protected":false},"excerpt":{"rendered":"<p>Visite virtuelle : visiter un espace distant de fa\u00e7on immersive, interactive et r\u00e9aliste. Elle permet aussi l&rsquo;int\u00e9gration de nombreuses fonctionnalit\u00e9s, comme des\u00a0bulles d&rsquo;information de texte, des photos, ou encore des vid\u00e9os&#8230;). Cela permet de rendre l&rsquo;exp\u00e9rience immersive toujours plus riche et plus compl\u00e8te. Une visite virtuelle s&rsquo;int\u00e8gre harmonieusement \u00e0 votre site web et l&rsquo;enrichi consid\u00e9rablement [&hellip;]<\/p>\n","protected":false},"author":1,"featured_media":0,"parent":0,"menu_order":0,"comment_status":"closed","ping_status":"closed","template":"","meta":{"jetpack_post_was_ever_published":false,"footnotes":""},"class_list":["post-8","page","type-page","status-publish","hentry"],"jetpack_sharing_enabled":true,"jetpack_shortlink":"https:\/\/wp.me\/P9kyHi-8","jetpack_likes_enabled":true,"jetpack-related-posts":[],"_links":{"self":[{"href":"https:\/\/visites360.solutions\/index.php?rest_route=\/wp\/v2\/pages\/8","targetHints":{"allow":["GET"]}}],"collection":[{"href":"https:\/\/visites360.solutions\/index.php?rest_route=\/wp\/v2\/pages"}],"about":[{"href":"https:\/\/visites360.solutions\/index.php?rest_route=\/wp\/v2\/types\/page"}],"author":[{"embeddable":true,"href":"https:\/\/visites360.solutions\/index.php?rest_route=\/wp\/v2\/users\/1"}],"replies":[{"embeddable":true,"href":"https:\/\/visites360.solutions\/index.php?rest_route=%2Fwp%2Fv2%2Fcomments&post=8"}],"version-history":[{"count":7,"href":"https:\/\/visites360.solutions\/index.php?rest_route=\/wp\/v2\/pages\/8\/revisions"}],"predecessor-version":[{"id":191,"href":"https:\/\/visites360.solutions\/index.php?rest_route=\/wp\/v2\/pages\/8\/revisions\/191"}],"wp:attachment":[{"href":"https:\/\/visites360.solutions\/index.php?rest_route=%2Fwp%2Fv2%2Fmedia&parent=8"}],"curies":[{"name":"wp","href":"https:\/\/api.w.org\/{rel}","templated":true}]}}